{"id":369,"date":"2015-07-29T11:40:54","date_gmt":"2015-07-29T09:40:54","guid":{"rendered":"http:\/\/www.datlicht.de\/wp\/?page_id=46"},"modified":"2022-02-10T20:23:14","modified_gmt":"2022-02-10T19:23:14","slug":"umlautdomain","status":"publish","type":"page","link":"https:\/\/www.datlicht.de\/wp\/tools\/umlautdomain\/","title":{"rendered":"Umlaut- \/ IDN-Domain Umrechner"},"content":{"rendered":"<div id=\"pl-369\"  class=\"panel-layout\" ><div id=\"pg-369-0\"  class=\"panel-grid panel-no-style\" ><div id=\"pgc-369-0-0\"  class=\"panel-grid-cell\" ><div id=\"panel-369-0-0-0\" class=\"so-panel widget widget_sow-editor panel-first-child\" data-index=\"0\" ><div\n\t\t\t\n\t\t\tclass=\"so-widget-sow-editor so-widget-sow-editor-base\"\n\t\t\t\n\t\t><h3 class=\"widget-title\">Was sind \"Umlautdomains\"?<\/h3>\n<div class=\"siteorigin-widget-tinymce textwidget\">\n\t<p>Umlautdomains? Was' datten? Rein technisch gesehen sind nur bestimmte Namen f\u00fcr Computer in Netzwerken (wie auch dem Internet) m\u00f6glich. Du hast das sicher schon mal gemerkt, wenn du deinen Rechnernamen im Windows \u00e4ndern wolltest und Windows beim Speichern dann gemeckert hat. \"\u00dcberfliegerpilotenkoffer\" ist halt kein g\u00fcltiger Rechnername, so lustig wie's auch klingt.<\/p>\n<p>Seit einiger Zeit ist es allerdings m\u00f6glich, Internet-Adressen mit Umlauten zu registrieren, z.B. www.t\u00fcv.de.<\/p>\n<p>Damit man Umlautdomains auch mit \u00e4lteren Servern betreiben kann und weil auch nicht jeder Server alle Zeichen unterst\u00fctzt, verwendet man hier die sogenannte Punycode-Kodierung\u00a0- technisch gesehen w\u00e4re die Adresse <code>www.t\u00fcv.de<\/code> also die kryptisch klingende, schwieriger zu merkende, technische Adresse <code>www.xn--tv-xka.de<\/code>.<\/p>\n<p>Wenn du so eine Adresse in deinen Browser eingibst, konvertiert dieser \u00fcbrigens automatisch die Umlautdomain in diese Punycode-Domain um. Mehr Informationen zur Punycode-Kodierung verr\u00e4t dir <a href=\"https:\/\/de.wikipedia.org\/wiki\/Punycode\" target=\"_blank\" rel=\"noopener\">dieser Wikipedia-Eintrag<\/a>.<\/p>\n<\/div>\n<\/div><\/div><div id=\"panel-369-0-0-1\" class=\"so-panel widget widget_sow-editor\" data-index=\"1\" ><div\n\t\t\t\n\t\t\tclass=\"so-widget-sow-editor so-widget-sow-editor-base\"\n\t\t\t\n\t\t><h3 class=\"widget-title\">Einschr\u00e4nkungen<\/h3>\n<div class=\"siteorigin-widget-tinymce textwidget\">\n\t<p>Man k\u00f6nnte jetzt nat\u00fcrlich denken, \"hey, ich registriere mir einfach irgendwelche Unicode-Domains als 'Geheim-Domain' und freue mich dar\u00fcber, weil die 'Original-Domains' ja schon weg sind...\" - ganz so einfach ist das allerdings nicht.<\/p>\n<p>Zum einen wissen nat\u00fcrlich auch Patent- und Markenrechtsanw\u00e4lte, wie eine Tastatur mit Umlauten funktioniert (bringt dir also nix als rechtlichen \u00c4rger, dir z.B. \u0121\u014d\u014d\u0121\u0142\u0113.de zu registrieren), zum anderen gibt es hier auch technische Regeln, welche Zeichen erlaubt sind. Von den <a href=\"http:\/\/www.unicode.org\/Public\/idna\/latest\/IdnaMappingTable.txt\" target=\"_blank\" rel=\"noopener\">technischen Bedingungen<\/a> mal abgesehen, legen die jeweiligen NICs der Toplevel-Domains selbst fest, welche Zeichen erlaubt sind und welche nicht. F\u00fcr .de Domains ist das beispielsweise die <a href=\"http:\/\/denic.de\" target=\"_blank\" rel=\"noopener\">Denic<\/a>.<\/p>\n<p>Fun fact: die Einschr\u00e4nkungen der Registrare gelten \u00fcbrigens nicht f\u00fcr Subdomains:<br \/>\n<code>xn--yodaa.meinedomain.tld<\/code> w\u00e4re z.B. als Subdomain<br \/>\n<code>\u10dd\u10dd\u10dd.meinedomain.tld<\/code><br \/>\norganisatorisch betrachtet absolut erlaubt.<\/p>\n<p>Machen wir die Verwirrung doch einfach perfekt: Abh\u00e4ngig vom verwendeten Dienst gibt es gewisse technische H\u00fcrden, z.B. f\u00fcr den Versand von E-Mails: Wenn gleich f\u00fcr die Domain Umlaute verwendet werden k\u00f6nnen, gilt dies nicht f\u00fcr den sogenannten Localpart (den Teil vor dem @-Zeichen). Eine Mail-Adresse \u00e1 la\u00a0<code>schr\u00f6der@schr\u00f6der.tld<\/code> ist also paradoxerweise nicht erlaubt, m\u00f6glich w\u00e4re nur <code>schroeder@schr\u00f6der.tld<\/code>.<\/p>\n<p>Alle Klarheiten beseitigt? Sehr sch\u00f6n.<\/p>\n<\/div>\n<\/div><\/div><div id=\"panel-369-0-0-2\" class=\"so-panel widget widget_sow-editor\" data-index=\"2\" ><div\n\t\t\t\n\t\t\tclass=\"so-widget-sow-editor so-widget-sow-editor-base\"\n\t\t\t\n\t\t><h3 class=\"widget-title\">Umlautdomain umrechnen<\/h3>\n<div class=\"siteorigin-widget-tinymce textwidget\">\n\t<p>Da eine Tastatur in der Regel nicht alle Zeichen abbildet, habe ich hier eine Eingabehilfe f\u00fcr dich gebastelt, mit der du\u00a0alle \"erlaubten\" Sonderzeichen der jeweiligen Toplevel-Domain mit einem Klick darauf\u00a0eingeben kannst. Nat\u00fcrlich kannst du auch tippen... \ud83d\ude09<\/p>\n<span class=\"domainlabel\">Toplevel-Domain:<\/span>\r\n\t<select id=\"topleveldomain\">\r\n\t\t<option>.de<\/option><option>.com<\/option>\r\n\t\t<option>.net<\/option><option>.org<\/option>\r\n\t\t<option>.info<\/option><option>.eu<\/option>\r\n\t\t<option>.at<\/option><option>.ch<\/option>\r\n\t<\/select><br \/>\r\n<span class=\"domainlabel\">Umlautdomain:<\/span>\r\n<input id=\"umlautdomain\" type=\"text\" value=\"\" \/><br \/>\r\n<span class=\"domainlabel\">Punycode-Entsprechung:<\/span>\r\n<input id=\"punycodedomain\" type=\"text\" value=\"\" \/><br \/>\r\n<span class=\"domainlabel\">Sonderzeichen:<\/span>\r\n<span id=\"sonderzeichenpreview\"><\/span><br \/>\r\n<span id=\"sonderzeichencontainer\"><\/span>\r\n<script type=\"text\/javascript\" src=\"\/js\/punycode.js\" ><\/script>\r\n<script type=\"text\/javascript\" src=\"\/js\/udomain.js\" ><\/script>\r\n<style type=\"text\/css\">\r\n\t#sonderzeichenpreview {\r\n\t\tdisplay: inline-block;\r\n\t\tfont-weight: bold;\r\n\t\tfont-family: courier, Courier New, monospace;\r\n\t\tfont-size: x-large;\r\n\t}\r\n<\/style>\n<\/div>\n<\/div><\/div><div id=\"panel-369-0-0-3\" class=\"so-panel widget widget_sow-editor panel-last-child\" data-index=\"3\" ><div\n\t\t\t\n\t\t\tclass=\"so-widget-sow-editor so-widget-sow-editor-base\"\n\t\t\t\n\t\t><h3 class=\"widget-title\">Wozu eigentlich?<\/h3>\n<div class=\"siteorigin-widget-tinymce textwidget\">\n\t<p>Wenn du schon ein wenig l\u00e4nger im Netz unterwegs bist, wirst du dich vielleicht Fragen: \"Alter, wozu eigentlich so'n Umrechner? Jeder olle Webhoster, bei dem man eine Domain bestellt, hat so'n Ding und macht das automatisch!\"<\/p>\n<p>Klar, das stimmt wohl. Aber hast du schon mal versucht, eine Umlautdomain in einer Anwendung einzugeben, die solche Domains eben nicht automatisch umwandelt? Oder wolltest du in deiner Fritzbox schon mal so einen Ger\u00e4tenamen vergeben, damit dein Ger\u00e4t zu Hause unter dieser Subdomain erreichbar ist? Oder bei einem DynDNS-Anbieter, der Subdomains anbietet? Vielleicht willst du ja bei deinem Webhoster auch eine Subdomain einrichten, aber die Seite unterst\u00fctzt diese Zeichen nicht? Du siehst, der Usecase mag vielleicht etwas speziell sein, aber dann leistet dir so ein Konverter wie dieser durchaus hilfreiche Dienste.<\/p>\n<\/div>\n<\/div><\/div><\/div><\/div><\/div>","protected":false},"excerpt":{"rendered":"<p>Umlautdomains? Was&#8216; datten? Rein technisch gesehen sind nur bestimmte Namen f\u00fcr Computer in Netzwerken (wie auch dem Internet) m\u00f6glich. Du hast das sicher schon mal gemerkt, wenn du deinen Rechnernamen im Windows \u00e4ndern wolltest und Windows beim Speichern dann gemeckert hat. &#8222;\u00dcberfliegerpilotenkoffer&#8220; ist halt kein g\u00fcltiger Rechnername, so lustig wie&#8217;s auch klingt. Seit einiger Zeit ist es allerdings m\u00f6glich, Internet-Adressen mit Umlauten zu registrieren, z.B. www.t\u00fcv.de. Damit man Umlautdomains auch<\/p>\n","protected":false},"author":1,"featured_media":0,"parent":367,"menu_order":4,"comment_status":"closed","ping_status":"closed","template":"","meta":{"_acf_changed":false,"footnotes":""},"class_list":["entry","author-jkischel","post-369","page","type-page","status-publish","wpautop","clearfix"],"acf":[],"yoast_head":"<!-- This site is optimized with the Yoast SEO plugin v27.5 - https:\/\/yoast.com\/product\/yoast-seo-wordpress\/ -->\n<title>Umlaut- \/ IDN-Domain Umrechner - www.datlicht.de<\/title>\n<meta name=\"robots\" content=\"index, follow, max-snippet:-1, max-image-preview:large, max-video-preview:-1\" \/>\n<link rel=\"canonical\" href=\"https:\/\/www.datlicht.de\/wp\/tools\/umlautdomain\/\" \/>\n<meta property=\"og:locale\" content=\"de_DE\" \/>\n<meta property=\"og:type\" content=\"article\" \/>\n<meta property=\"og:title\" content=\"Umlaut- \/ IDN-Domain Umrechner - www.datlicht.de\" \/>\n<meta property=\"og:description\" content=\"Umlautdomains? Was&#039; datten? Rein technisch gesehen sind nur bestimmte Namen f\u00fcr Computer in Netzwerken (wie auch dem Internet) m\u00f6glich. Du hast das sicher schon mal gemerkt, wenn du deinen Rechnernamen im Windows \u00e4ndern wolltest und Windows beim Speichern dann gemeckert hat. &quot;\u00dcberfliegerpilotenkoffer&quot; ist halt kein g\u00fcltiger Rechnername, so lustig wie&#039;s auch klingt. Seit einiger Zeit ist es allerdings m\u00f6glich, Internet-Adressen mit Umlauten zu registrieren, z.B. www.t\u00fcv.de. Damit man Umlautdomains auch\" \/>\n<meta property=\"og:url\" content=\"https:\/\/www.datlicht.de\/wp\/tools\/umlautdomain\/\" \/>\n<meta property=\"og:site_name\" content=\"www.datlicht.de\" \/>\n<meta property=\"article:modified_time\" content=\"2022-02-10T19:23:14+00:00\" \/>\n<meta name=\"twitter:card\" content=\"summary_large_image\" \/>\n<meta name=\"twitter:label1\" content=\"Gesch\u00e4tzte Lesezeit\" \/>\n\t<meta name=\"twitter:data1\" content=\"3\u00a0Minuten\" \/>\n<script type=\"application\/ld+json\" class=\"yoast-schema-graph\">{\"@context\":\"https:\\\/\\\/schema.org\",\"@graph\":[{\"@type\":\"WebPage\",\"@id\":\"https:\\\/\\\/www.datlicht.de\\\/wp\\\/tools\\\/umlautdomain\\\/\",\"url\":\"https:\\\/\\\/www.datlicht.de\\\/wp\\\/tools\\\/umlautdomain\\\/\",\"name\":\"Umlaut- \\\/ IDN-Domain Umrechner - www.datlicht.de\",\"isPartOf\":{\"@id\":\"https:\\\/\\\/www.datlicht.de\\\/wp\\\/#website\"},\"datePublished\":\"2015-07-29T09:40:54+00:00\",\"dateModified\":\"2022-02-10T19:23:14+00:00\",\"breadcrumb\":{\"@id\":\"https:\\\/\\\/www.datlicht.de\\\/wp\\\/tools\\\/umlautdomain\\\/#breadcrumb\"},\"inLanguage\":\"de\",\"potentialAction\":[{\"@type\":\"ReadAction\",\"target\":[\"https:\\\/\\\/www.datlicht.de\\\/wp\\\/tools\\\/umlautdomain\\\/\"]}]},{\"@type\":\"BreadcrumbList\",\"@id\":\"https:\\\/\\\/www.datlicht.de\\\/wp\\\/tools\\\/umlautdomain\\\/#breadcrumb\",\"itemListElement\":[{\"@type\":\"ListItem\",\"position\":1,\"name\":\"Startseite\",\"item\":\"https:\\\/\\\/www.datlicht.de\\\/wp\\\/\"},{\"@type\":\"ListItem\",\"position\":2,\"name\":\"Tools\",\"item\":\"https:\\\/\\\/www.datlicht.de\\\/wp\\\/tools\\\/\"},{\"@type\":\"ListItem\",\"position\":3,\"name\":\"Umlaut- \\\/ IDN-Domain Umrechner\"}]},{\"@type\":\"WebSite\",\"@id\":\"https:\\\/\\\/www.datlicht.de\\\/wp\\\/#website\",\"url\":\"https:\\\/\\\/www.datlicht.de\\\/wp\\\/\",\"name\":\"www.datlicht.de\",\"description\":\"\",\"potentialAction\":[{\"@type\":\"SearchAction\",\"target\":{\"@type\":\"EntryPoint\",\"urlTemplate\":\"https:\\\/\\\/www.datlicht.de\\\/wp\\\/?s={search_term_string}\"},\"query-input\":{\"@type\":\"PropertyValueSpecification\",\"valueRequired\":true,\"valueName\":\"search_term_string\"}}],\"inLanguage\":\"de\"}]}<\/script>\n<!-- \/ Yoast SEO plugin. -->","yoast_head_json":{"title":"Umlaut- \/ IDN-Domain Umrechner - www.datlicht.de","robots":{"index":"index","follow":"follow","max-snippet":"max-snippet:-1","max-image-preview":"max-image-preview:large","max-video-preview":"max-video-preview:-1"},"canonical":"https:\/\/www.datlicht.de\/wp\/tools\/umlautdomain\/","og_locale":"de_DE","og_type":"article","og_title":"Umlaut- \/ IDN-Domain Umrechner - www.datlicht.de","og_description":"Umlautdomains? Was' datten? Rein technisch gesehen sind nur bestimmte Namen f\u00fcr Computer in Netzwerken (wie auch dem Internet) m\u00f6glich. Du hast das sicher schon mal gemerkt, wenn du deinen Rechnernamen im Windows \u00e4ndern wolltest und Windows beim Speichern dann gemeckert hat. \"\u00dcberfliegerpilotenkoffer\" ist halt kein g\u00fcltiger Rechnername, so lustig wie's auch klingt. Seit einiger Zeit ist es allerdings m\u00f6glich, Internet-Adressen mit Umlauten zu registrieren, z.B. www.t\u00fcv.de. Damit man Umlautdomains auch","og_url":"https:\/\/www.datlicht.de\/wp\/tools\/umlautdomain\/","og_site_name":"www.datlicht.de","article_modified_time":"2022-02-10T19:23:14+00:00","twitter_card":"summary_large_image","twitter_misc":{"Gesch\u00e4tzte Lesezeit":"3\u00a0Minuten"},"schema":{"@context":"https:\/\/schema.org","@graph":[{"@type":"WebPage","@id":"https:\/\/www.datlicht.de\/wp\/tools\/umlautdomain\/","url":"https:\/\/www.datlicht.de\/wp\/tools\/umlautdomain\/","name":"Umlaut- \/ IDN-Domain Umrechner - www.datlicht.de","isPartOf":{"@id":"https:\/\/www.datlicht.de\/wp\/#website"},"datePublished":"2015-07-29T09:40:54+00:00","dateModified":"2022-02-10T19:23:14+00:00","breadcrumb":{"@id":"https:\/\/www.datlicht.de\/wp\/tools\/umlautdomain\/#breadcrumb"},"inLanguage":"de","potentialAction":[{"@type":"ReadAction","target":["https:\/\/www.datlicht.de\/wp\/tools\/umlautdomain\/"]}]},{"@type":"BreadcrumbList","@id":"https:\/\/www.datlicht.de\/wp\/tools\/umlautdomain\/#breadcrumb","itemListElement":[{"@type":"ListItem","position":1,"name":"Startseite","item":"https:\/\/www.datlicht.de\/wp\/"},{"@type":"ListItem","position":2,"name":"Tools","item":"https:\/\/www.datlicht.de\/wp\/tools\/"},{"@type":"ListItem","position":3,"name":"Umlaut- \/ IDN-Domain Umrechner"}]},{"@type":"WebSite","@id":"https:\/\/www.datlicht.de\/wp\/#website","url":"https:\/\/www.datlicht.de\/wp\/","name":"www.datlicht.de","description":"","potentialAction":[{"@type":"SearchAction","target":{"@type":"EntryPoint","urlTemplate":"https:\/\/www.datlicht.de\/wp\/?s={search_term_string}"},"query-input":{"@type":"PropertyValueSpecification","valueRequired":true,"valueName":"search_term_string"}}],"inLanguage":"de"}]}},"wp-worthy-pixel":{"ignored":false,"public":null,"server":null,"url":null},"wp-worthy-type":"normal","_links":{"self":[{"href":"https:\/\/www.datlicht.de\/wp\/wp-json\/wp\/v2\/pages\/369","targetHints":{"allow":["GET"]}}],"collection":[{"href":"https:\/\/www.datlicht.de\/wp\/wp-json\/wp\/v2\/pages"}],"about":[{"href":"https:\/\/www.datlicht.de\/wp\/wp-json\/wp\/v2\/types\/page"}],"author":[{"embeddable":true,"href":"https:\/\/www.datlicht.de\/wp\/wp-json\/wp\/v2\/users\/1"}],"replies":[{"embeddable":true,"href":"https:\/\/www.datlicht.de\/wp\/wp-json\/wp\/v2\/comments?post=369"}],"version-history":[{"count":5,"href":"https:\/\/www.datlicht.de\/wp\/wp-json\/wp\/v2\/pages\/369\/revisions"}],"predecessor-version":[{"id":542,"href":"https:\/\/www.datlicht.de\/wp\/wp-json\/wp\/v2\/pages\/369\/revisions\/542"}],"up":[{"embeddable":true,"href":"https:\/\/www.datlicht.de\/wp\/wp-json\/wp\/v2\/pages\/367"}],"wp:attachment":[{"href":"https:\/\/www.datlicht.de\/wp\/wp-json\/wp\/v2\/media?parent=369"}],"curies":[{"name":"wp","href":"https:\/\/api.w.org\/{rel}","templated":true}]}}