{"id":366,"date":"2015-07-29T11:27:15","date_gmt":"2015-07-29T09:27:15","guid":{"rendered":"http:\/\/www.datlicht.de\/wp\/?page_id=40"},"modified":"2024-04-28T16:57:39","modified_gmt":"2024-04-28T14:57:39","slug":"lizenz","status":"publish","type":"page","link":"https:\/\/www.datlicht.de\/wp\/projekte\/lizenz\/","title":{"rendered":"Software-Lizenzbedingungen"},"content":{"rendered":"<div id=\"pl-366\"  class=\"panel-layout\" ><div id=\"pg-366-0\"  class=\"panel-grid panel-no-style\" ><div id=\"pgc-366-0-0\"  class=\"panel-grid-cell\" ><div id=\"panel-366-0-0-0\" class=\"so-panel widget widget_sow-editor panel-first-child\" data-index=\"0\" ><div\n\t\t\t\n\t\t\tclass=\"so-widget-sow-editor so-widget-sow-editor-base\"\n\t\t\t\n\t\t><h3 class=\"widget-title\">Lizenzbedingungen generell<\/h3>\n<div class=\"siteorigin-widget-tinymce textwidget\">\n\t<p>Die von mir zur Verf\u00fcgung gestellte Software wird unter den folgenden Lizenzbedingungen angeboten, so denn auf der Download-Seite keine anders lautende Lizenz angegeben ist.<\/p>\n<\/div>\n<\/div><\/div><div id=\"panel-366-0-0-1\" class=\"so-panel widget widget_sow-editor\" data-index=\"1\" ><div\n\t\t\t\n\t\t\tclass=\"so-widget-sow-editor so-widget-sow-editor-base\"\n\t\t\t\n\t\t><h3 class=\"widget-title\">Lizenzierung generell<\/h3>\n<div class=\"siteorigin-widget-tinymce textwidget\">\n\t<p>Die Software wird lizenziert, aber weder verschenkt noch verkauft. Diese Lizenz ist als rechtsverbindlicher Vertrag zwischen Jan Kischel (im Folgenden: Anbieter) und dir (im Folgenden: Nutzer) zu verstehen.<\/p>\n<p>&nbsp;<\/p>\n<p>Die Lizenz erlaubt dem Nutzer, die Software\u00a0sowohl privat als auch gewerblich, in Beh\u00f6rden, Schulen und sonstigen Einrichtungen - insofern sie kostenlos ist - auf beliebig vielen Computern zu installieren und zu nutzen.<\/p>\n<p>&nbsp;<\/p>\n<p>Hierzu verweise ich allerdings auf Einschr\u00e4nkungen f\u00fcr nicht-private Nutzung unter dem Punkt \"Gew\u00e4hrleistung\".<\/p>\n<p>&nbsp;<\/p>\n<p>Diese Lizenzierung kann bei Versto\u00df gegen die Lizenzbedingungen vom Anbieter widerrufen und jede weitere Nutzung der Software untersagt werden. In diesem Fall ist der Nutzer verpflichtet, die Software zu deinstallieren bzw. sie von allen Computern zu l\u00f6schen und nicht weiter zu nutzen.<\/p>\n<\/div>\n<\/div><\/div><div id=\"panel-366-0-0-2\" class=\"so-panel widget widget_sow-editor\" data-index=\"2\" ><div\n\t\t\t\n\t\t\tclass=\"so-widget-sow-editor so-widget-sow-editor-base\"\n\t\t\t\n\t\t><h3 class=\"widget-title\">Preise \/ Kosten<\/h3>\n<div class=\"siteorigin-widget-tinymce textwidget\">\n\t<p>Die Software wird, wenn nicht ausdr\u00fccklich anders angegeben, kostenlos zur Verf\u00fcgung gestellt.<\/p>\n<p>&nbsp;<\/p>\n<p>Software, die eine Internetverbindung erfordert, kann Datentraffickosten verursachen, der (z.B. wenn keine Internetflatrate vorhanden ist) mit weiteren Kosten verbunden sein kann. Diese tr\u00e4gt ausschlie\u00dflich der Nutzer selbst.<\/p>\n<\/div>\n<\/div><\/div><div id=\"panel-366-0-0-3\" class=\"so-panel widget widget_sow-editor\" data-index=\"3\" ><div\n\t\t\t\n\t\t\tclass=\"so-widget-sow-editor so-widget-sow-editor-base\"\n\t\t\t\n\t\t><h3 class=\"widget-title\">Gew\u00e4hrleistung<\/h3>\n<div class=\"siteorigin-widget-tinymce textwidget\">\n\t<p>Alle vom Anbieter entwickelte Software wurde nach bestem Wissen und Gewissen entwickelt, aber nat\u00fcrlich kann Software grunds\u00e4tzlich Programmfehler (Bugs) enthalten.<\/p>\n<p>&nbsp;<\/p>\n<p>Die Dateien wurden beim Upload zudem mit einem Virenscanner gepr\u00fcft und als \"sauber\" befunden. Dennoch sei die Virenfreiheit der Software nicht gew\u00e4hrleistet und es der Obliegenheit des Nutzers \u00fcberlassen, alle seine Downloads erneut mit einem Virenscanner zu pr\u00fcfen.<\/p>\n<p>&nbsp;<\/p>\n<p>Der Einsatz der Software des Anbieters erfolgt allein auf Verantwortung und Risiko des Nutzers und unter Ausschluss jeglicher Gew\u00e4hrleistung und beschr\u00e4nkt sich lediglich auf eine von Gesetzes wegen nicht ausschlie\u00dfbare Gew\u00e4hrleistung aufgrund nachgewiesener grober Fahrl\u00e4ssigkeit oder Vorsatz des Anbieters.<\/p>\n<p>&nbsp;<\/p>\n<p>Wenn eine Gew\u00e4hrleistung f\u00fcr gewerbliche, beh\u00f6rdliche oder \u00e4hnliche Nutzer nicht rechtsg\u00fcltig ausgeschlossen werden kann, ist die Nutzung in diesem Umfeld leider nicht gestattet.<\/p>\n<\/div>\n<\/div><\/div><div id=\"panel-366-0-0-4\" class=\"so-panel widget widget_sow-editor\" data-index=\"4\" ><div\n\t\t\t\n\t\t\tclass=\"so-widget-sow-editor so-widget-sow-editor-base\"\n\t\t\t\n\t\t><h3 class=\"widget-title\">Verwendungs-Einschr\u00e4nkungen<\/h3>\n<div class=\"siteorigin-widget-tinymce textwidget\">\n\t<p>Von der Verwendung in Einrichtungen, bei denen Softwareausf\u00e4lle sehr gro\u00dfen Schaden anrichten k\u00f6nnen, rate ich dringend ab.<\/p>\n<p>&nbsp;<\/p>\n<p>Folgende Einsatzzwecke sind mit der von mir angebotenen Software in jedem Fall ausdr\u00fccklich untersagt:<\/p>\n<p>&nbsp;<\/p>\n<ul>\n<li>Waffen- und milit\u00e4rischen Verteidigungssystemen jedweder Art<\/li>\n<li>Verbreitung von unerw\u00fcnschter Werbung (\"SPAM\")<\/li>\n<li>Personen\u00fcberwachung und Spionagezwecke<\/li>\n<li>Durchf\u00fchrung, Planung und Vorbereitung von Straftaten<\/li>\n<li>Politische oder religi\u00f6se Verfolgung anderer Personen<\/li>\n<li>Hacking, Flooding und vergleichbare Netzwerkangriffe<\/li>\n<li>Verbreitung von Pornografie<\/li>\n<\/ul>\n<\/div>\n<\/div><\/div><div id=\"panel-366-0-0-5\" class=\"so-panel widget widget_sow-editor\" data-index=\"5\" ><div\n\t\t\t\n\t\t\tclass=\"so-widget-sow-editor so-widget-sow-editor-base\"\n\t\t\t\n\t\t><h3 class=\"widget-title\">dies ist erlaubt<\/h3>\n<div class=\"siteorigin-widget-tinymce textwidget\">\n\t<p>Insofern die Software kostenlos angeboten wird, sind folgende Punkte ausdr\u00fccklich erlaubt:<\/p>\n<p>&nbsp;<\/p>\n<ul>\n<li>Die Software darf auf beliebig vielen Computern installiert und benutzt werden.<\/li>\n<li>Die Weitergabe der Software an Dritte ist erw\u00fcnscht, insofern die vollst\u00e4ndigen Archive\/Installer weitergegeben werden. Eine Quellenangabe ist erw\u00fcnscht.<\/li>\n<li>Zum Download darf gern auf die Downloadseite meiner Homepage verlinkt werden.<\/li>\n<li>Die Software darf repackaged werden (z.B. als Portabilisierung, etc.), insofern alle Dateien des urspr\u00fcnglichen Archivs erhalten bleiben.<\/li>\n<\/ul>\n<\/div>\n<\/div><\/div><div id=\"panel-366-0-0-6\" class=\"so-panel widget widget_sow-editor\" data-index=\"6\" ><div\n\t\t\t\n\t\t\tclass=\"so-widget-sow-editor so-widget-sow-editor-base\"\n\t\t\t\n\t\t><h3 class=\"widget-title\">dies ist untersagt<\/h3>\n<div class=\"siteorigin-widget-tinymce textwidget\">\n\t<ul>\n<li>Die Software darf nicht zum kostenpflichtigen Download angeboten werden. Dazu z\u00e4hlen insbesondere: Premium-Downloads, Abonnements, \"Highspeed-Tickets\", Abofallen, o.\u00e4.<\/li>\n<li>Die Download-Links meiner Homepage d\u00fcrfen nicht direkt verlinkt werden (\"deep linking\").<\/li>\n<li>Die Software-Archive d\u00fcrfen nur vollst\u00e4ndig weiter gegeben werden. Auch bei einem Repackaging ist es nicht erlaubt, Dateien wegzulassen.<\/li>\n<li>Die Software darf nicht unterlizenziert, verkauft oder vermietet werden. Das gilt auch f\u00fcr die Integration in wie auch immer kostenpflichtige Softwareprodukte* bzw. Derivate.<\/li>\n<\/ul>\n<p>&nbsp;<\/p>\n<p>* Mir als Autor ist klar, dass z.B. Computerzeitschriften oder dergleichen nat\u00fcrlich nicht gratis an die Leser heraus gegeben werden. Die Integration in so ein \"indirekt kostenpflichtiges\" Produkt ist gestattet (siehe n\u00e4chster Absatz).<\/p>\n<\/div>\n<\/div><\/div><div id=\"panel-366-0-0-7\" class=\"so-panel widget widget_sow-editor\" data-index=\"7\" ><div\n\t\t\t\n\t\t\tclass=\"so-widget-sow-editor so-widget-sow-editor-base\"\n\t\t\t\n\t\t><h3 class=\"widget-title\">das ist eingeschr\u00e4nkt erlaubt<\/h3>\n<div class=\"siteorigin-widget-tinymce textwidget\">\n\t<ul>\n<li>Vertrieb in Compilations (Zeitschriften-CD-ROM's, DVDs, ...) ist dann erlaubt, wenn ich ein kostenloses Beleg-Exemplar (bei Zeitschriften bzw. Magazinen mit vollst\u00e4ndigem Heft) per Post bekomme.<\/li>\n<li>Online-Vertrieb auf Seiten mit redaktionellen Inhalten oder Download-Archivseiten ist ebenso erlaubt (egal, ob die Seite nur f\u00fcr Abonnenten oder \u00f6ffentlich erreichbar ist).<\/li>\n<\/ul>\n<p>In jedem Fall ist als Quellen-Angabe die Nennung meiner Homepage erforderlich.<\/p>\n<\/div>\n<\/div><\/div><div id=\"panel-366-0-0-8\" class=\"so-panel widget widget_sow-editor\" data-index=\"8\" ><div\n\t\t\t\n\t\t\tclass=\"so-widget-sow-editor so-widget-sow-editor-base\"\n\t\t\t\n\t\t><h3 class=\"widget-title\">Reverse Engineering, Portierung, \u00dcbersetzung<\/h3>\n<div class=\"siteorigin-widget-tinymce textwidget\">\n\t<p>Die Software darf grunds\u00e4tzlich nicht ohne vorherige Genehmigung \u00fcbersetzt gepatcht, dekompiliert, transformiert, portiert oder auf sonstige Art r\u00fcckentwickelt werden.<\/p>\n<p>&nbsp;<\/p>\n<p>Diese Einschr\u00e4nkung gilt nat\u00fcrlich nicht f\u00fcr zur \u00c4nderung vorgesehene Dateien (Language-Files, .ini\/.config Dateien, etc.).<\/p>\n<p>&nbsp;<\/p>\n<p>Eine tempor\u00e4ren \u00dcbersetzung zur Laufzeit in andere Bediensprachen (z.B. mit LingoWare) ist jedoch gestattet.<\/p>\n<\/div>\n<\/div><\/div><div id=\"panel-366-0-0-9\" class=\"so-panel widget widget_sow-editor\" data-index=\"9\" ><div\n\t\t\t\n\t\t\tclass=\"so-widget-sow-editor so-widget-sow-editor-base\"\n\t\t\t\n\t\t><h3 class=\"widget-title\">\u00c4nderungen<\/h3>\n<div class=\"siteorigin-widget-tinymce textwidget\">\n\t<p>Der Anbieter beh\u00e4lt sich vor,\u00a0die Software nach eigenem Belieben zu \u00e4ndern, Features hinzuzuf\u00fcgen oder sie zu entfernen. Es kann dabei vorkommen, dass die Software dann nicht mehr wie urspr\u00fcnglich oder vom Nutzer beabsichtigt funktioniert.<\/p>\n<p>&nbsp;<\/p>\n<p>Grunds\u00e4tzlich ist die Software m\u00f6glichst flexibel und mit m\u00f6glichst vielen Funktionen ausgelegt. Sollten jedoch technische oder anderweitige Gr\u00fcnde (z.B. Untersagung durch Dritte) dagegen sprechen, beh\u00e4lt sich der Autor vor, Funktionen wieder abzuschalten, anders nutzbar zu machen oder komplett zu entfernen.<\/p>\n<p>&nbsp;<\/p>\n<p>Es besteht keinerlei Rechtsanspruch auf Vorhandensein oder Funktionsweise bestimmter Features.<\/p>\n<\/div>\n<\/div><\/div><div id=\"panel-366-0-0-10\" class=\"so-panel widget widget_sow-editor\" data-index=\"10\" ><div\n\t\t\t\n\t\t\tclass=\"so-widget-sow-editor so-widget-sow-editor-base\"\n\t\t\t\n\t\t><h3 class=\"widget-title\">Support<\/h3>\n<div class=\"siteorigin-widget-tinymce textwidget\">\n\t<p>Es besteht keinerlei Rechtsanspruch auf Support der Software (siehe Absatz \"Gew\u00e4hrleistung\"). Bug Repots, Feature-Requests, Anregungen etc. sind grunds\u00e4tzlich willkommen, verpflichten den Anbieter aber nicht dazu, diese zu ber\u00fccksichtigen.<\/p>\n<\/div>\n<\/div><\/div><div id=\"panel-366-0-0-11\" class=\"so-panel widget widget_sow-editor panel-last-child\" data-index=\"11\" ><div\n\t\t\t\n\t\t\tclass=\"so-widget-sow-editor so-widget-sow-editor-base\"\n\t\t\t\n\t\t><h3 class=\"widget-title\">Schlussbestimmung<\/h3>\n<div class=\"siteorigin-widget-tinymce textwidget\">\n\t<p>Sollten einzelne Bestimmungen dieses Lizenzvertrags ung\u00fcltig sein, ber\u00fchrt dies nicht die \u00fcbrigen Bestimmungen. An die Stelle der ung\u00fcltigen Bestimmung tritt die am n\u00e4chsten passende gesetzliche Regelung in Kraft.<\/p>\n<\/div>\n<\/div><\/div><\/div><\/div><\/div>","protected":false},"excerpt":{"rendered":"<p>Die von mir zur Verf\u00fcgung gestellte Software wird unter den folgenden Lizenzbedingungen angeboten, so denn auf der Download-Seite keine anders lautende Lizenz angegeben ist. Die Software wird lizenziert, aber weder verschenkt noch verkauft. Diese Lizenz ist als rechtsverbindlicher Vertrag zwischen Jan Kischel (im Folgenden: Anbieter) und dir (im Folgenden: Nutzer) zu verstehen. &nbsp; Die Lizenz erlaubt dem Nutzer, die Software\u00a0sowohl privat als auch gewerblich, in Beh\u00f6rden, Schulen und sonstigen Einrichtungen<\/p>\n","protected":false},"author":1,"featured_media":0,"parent":15,"menu_order":4,"comment_status":"closed","ping_status":"closed","template":"","meta":{"_acf_changed":false,"footnotes":""},"class_list":["entry","author-jkischel","post-366","page","type-page","status-publish","wpautop","clearfix"],"acf":[],"yoast_head":"<!-- This site is optimized with the Yoast SEO plugin v27.4 - https:\/\/yoast.com\/product\/yoast-seo-wordpress\/ -->\n<title>Software-Lizenzbedingungen - www.datlicht.de<\/title>\n<meta name=\"robots\" content=\"index, follow, max-snippet:-1, max-image-preview:large, max-video-preview:-1\" \/>\n<link rel=\"canonical\" href=\"https:\/\/www.datlicht.de\/wp\/projekte\/lizenz\/\" \/>\n<meta property=\"og:locale\" content=\"de_DE\" \/>\n<meta property=\"og:type\" content=\"article\" \/>\n<meta property=\"og:title\" content=\"Software-Lizenzbedingungen - www.datlicht.de\" \/>\n<meta property=\"og:description\" content=\"Die von mir zur Verf\u00fcgung gestellte Software wird unter den folgenden Lizenzbedingungen angeboten, so denn auf der Download-Seite keine anders lautende Lizenz angegeben ist. Die Software wird lizenziert, aber weder verschenkt noch verkauft. Diese Lizenz ist als rechtsverbindlicher Vertrag zwischen Jan Kischel (im Folgenden: Anbieter) und dir (im Folgenden: Nutzer) zu verstehen. &nbsp; Die Lizenz erlaubt dem Nutzer, die Software\u00a0sowohl privat als auch gewerblich, in Beh\u00f6rden, Schulen und sonstigen Einrichtungen\" \/>\n<meta property=\"og:url\" content=\"https:\/\/www.datlicht.de\/wp\/projekte\/lizenz\/\" \/>\n<meta property=\"og:site_name\" content=\"www.datlicht.de\" \/>\n<meta property=\"article:modified_time\" content=\"2024-04-28T14:57:39+00:00\" \/>\n<meta name=\"twitter:card\" content=\"summary_large_image\" \/>\n<meta name=\"twitter:label1\" content=\"Gesch\u00e4tzte Lesezeit\" \/>\n\t<meta name=\"twitter:data1\" content=\"4\u00a0Minuten\" \/>\n<script type=\"application\/ld+json\" class=\"yoast-schema-graph\">{\"@context\":\"https:\\\/\\\/schema.org\",\"@graph\":[{\"@type\":\"WebPage\",\"@id\":\"https:\\\/\\\/www.datlicht.de\\\/wp\\\/projekte\\\/lizenz\\\/\",\"url\":\"https:\\\/\\\/www.datlicht.de\\\/wp\\\/projekte\\\/lizenz\\\/\",\"name\":\"Software-Lizenzbedingungen - www.datlicht.de\",\"isPartOf\":{\"@id\":\"https:\\\/\\\/www.datlicht.de\\\/wp\\\/#website\"},\"datePublished\":\"2015-07-29T09:27:15+00:00\",\"dateModified\":\"2024-04-28T14:57:39+00:00\",\"breadcrumb\":{\"@id\":\"https:\\\/\\\/www.datlicht.de\\\/wp\\\/projekte\\\/lizenz\\\/#breadcrumb\"},\"inLanguage\":\"de\",\"potentialAction\":[{\"@type\":\"ReadAction\",\"target\":[\"https:\\\/\\\/www.datlicht.de\\\/wp\\\/projekte\\\/lizenz\\\/\"]}]},{\"@type\":\"BreadcrumbList\",\"@id\":\"https:\\\/\\\/www.datlicht.de\\\/wp\\\/projekte\\\/lizenz\\\/#breadcrumb\",\"itemListElement\":[{\"@type\":\"ListItem\",\"position\":1,\"name\":\"Startseite\",\"item\":\"https:\\\/\\\/www.datlicht.de\\\/wp\\\/\"},{\"@type\":\"ListItem\",\"position\":2,\"name\":\"Projekte\",\"item\":\"https:\\\/\\\/www.datlicht.de\\\/wp\\\/projekte\\\/\"},{\"@type\":\"ListItem\",\"position\":3,\"name\":\"Software-Lizenzbedingungen\"}]},{\"@type\":\"WebSite\",\"@id\":\"https:\\\/\\\/www.datlicht.de\\\/wp\\\/#website\",\"url\":\"https:\\\/\\\/www.datlicht.de\\\/wp\\\/\",\"name\":\"www.datlicht.de\",\"description\":\"\",\"potentialAction\":[{\"@type\":\"SearchAction\",\"target\":{\"@type\":\"EntryPoint\",\"urlTemplate\":\"https:\\\/\\\/www.datlicht.de\\\/wp\\\/?s={search_term_string}\"},\"query-input\":{\"@type\":\"PropertyValueSpecification\",\"valueRequired\":true,\"valueName\":\"search_term_string\"}}],\"inLanguage\":\"de\"}]}<\/script>\n<!-- \/ Yoast SEO plugin. -->","yoast_head_json":{"title":"Software-Lizenzbedingungen - www.datlicht.de","robots":{"index":"index","follow":"follow","max-snippet":"max-snippet:-1","max-image-preview":"max-image-preview:large","max-video-preview":"max-video-preview:-1"},"canonical":"https:\/\/www.datlicht.de\/wp\/projekte\/lizenz\/","og_locale":"de_DE","og_type":"article","og_title":"Software-Lizenzbedingungen - www.datlicht.de","og_description":"Die von mir zur Verf\u00fcgung gestellte Software wird unter den folgenden Lizenzbedingungen angeboten, so denn auf der Download-Seite keine anders lautende Lizenz angegeben ist. Die Software wird lizenziert, aber weder verschenkt noch verkauft. Diese Lizenz ist als rechtsverbindlicher Vertrag zwischen Jan Kischel (im Folgenden: Anbieter) und dir (im Folgenden: Nutzer) zu verstehen. &nbsp; Die Lizenz erlaubt dem Nutzer, die Software\u00a0sowohl privat als auch gewerblich, in Beh\u00f6rden, Schulen und sonstigen Einrichtungen","og_url":"https:\/\/www.datlicht.de\/wp\/projekte\/lizenz\/","og_site_name":"www.datlicht.de","article_modified_time":"2024-04-28T14:57:39+00:00","twitter_card":"summary_large_image","twitter_misc":{"Gesch\u00e4tzte Lesezeit":"4\u00a0Minuten"},"schema":{"@context":"https:\/\/schema.org","@graph":[{"@type":"WebPage","@id":"https:\/\/www.datlicht.de\/wp\/projekte\/lizenz\/","url":"https:\/\/www.datlicht.de\/wp\/projekte\/lizenz\/","name":"Software-Lizenzbedingungen - www.datlicht.de","isPartOf":{"@id":"https:\/\/www.datlicht.de\/wp\/#website"},"datePublished":"2015-07-29T09:27:15+00:00","dateModified":"2024-04-28T14:57:39+00:00","breadcrumb":{"@id":"https:\/\/www.datlicht.de\/wp\/projekte\/lizenz\/#breadcrumb"},"inLanguage":"de","potentialAction":[{"@type":"ReadAction","target":["https:\/\/www.datlicht.de\/wp\/projekte\/lizenz\/"]}]},{"@type":"BreadcrumbList","@id":"https:\/\/www.datlicht.de\/wp\/projekte\/lizenz\/#breadcrumb","itemListElement":[{"@type":"ListItem","position":1,"name":"Startseite","item":"https:\/\/www.datlicht.de\/wp\/"},{"@type":"ListItem","position":2,"name":"Projekte","item":"https:\/\/www.datlicht.de\/wp\/projekte\/"},{"@type":"ListItem","position":3,"name":"Software-Lizenzbedingungen"}]},{"@type":"WebSite","@id":"https:\/\/www.datlicht.de\/wp\/#website","url":"https:\/\/www.datlicht.de\/wp\/","name":"www.datlicht.de","description":"","potentialAction":[{"@type":"SearchAction","target":{"@type":"EntryPoint","urlTemplate":"https:\/\/www.datlicht.de\/wp\/?s={search_term_string}"},"query-input":{"@type":"PropertyValueSpecification","valueRequired":true,"valueName":"search_term_string"}}],"inLanguage":"de"}]}},"wp-worthy-pixel":{"ignored":false,"public":null,"server":null,"url":null},"wp-worthy-type":"normal","_links":{"self":[{"href":"https:\/\/www.datlicht.de\/wp\/wp-json\/wp\/v2\/pages\/366","targetHints":{"allow":["GET"]}}],"collection":[{"href":"https:\/\/www.datlicht.de\/wp\/wp-json\/wp\/v2\/pages"}],"about":[{"href":"https:\/\/www.datlicht.de\/wp\/wp-json\/wp\/v2\/types\/page"}],"author":[{"embeddable":true,"href":"https:\/\/www.datlicht.de\/wp\/wp-json\/wp\/v2\/users\/1"}],"replies":[{"embeddable":true,"href":"https:\/\/www.datlicht.de\/wp\/wp-json\/wp\/v2\/comments?post=366"}],"version-history":[{"count":0,"href":"https:\/\/www.datlicht.de\/wp\/wp-json\/wp\/v2\/pages\/366\/revisions"}],"up":[{"embeddable":true,"href":"https:\/\/www.datlicht.de\/wp\/wp-json\/wp\/v2\/pages\/15"}],"wp:attachment":[{"href":"https:\/\/www.datlicht.de\/wp\/wp-json\/wp\/v2\/media?parent=366"}],"curies":[{"name":"wp","href":"https:\/\/api.w.org\/{rel}","templated":true}]}}